{"id":587,"date":"2025-06-17T17:23:19","date_gmt":"2025-06-17T17:23:19","guid":{"rendered":"https:\/\/dipy-rdc.org\/?page_id=587"},"modified":"2025-06-17T17:24:38","modified_gmt":"2025-06-17T17:24:38","slug":"page-de-connexion","status":"publish","type":"page","link":"https:\/\/dipy-rdc.org\/en\/page-de-connexion\/","title":{"rendered":"Page de connexion"},"content":{"rendered":"\t\t<div data-elementor-type=\"wp-page\" data-elementor-id=\"587\" class=\"elementor elementor-587\" data-elementor-settings=\"{&quot;ha_cmc_init_switcher&quot;:&quot;no&quot;}\">\n\t\t\t\t<div class=\"has_eae_slider elementor-element elementor-element-d6c230a e-flex e-con-boxed wcf-starter-animations-none wpr-particle-no wpr-jarallax-no wpr-parallax-no wpr-sticky-section-no e-con e-parent\" data-eae-slider=\"39624\" data-id=\"d6c230a\" data-element_type=\"container\" data-e-type=\"container\" data-settings=\"{&quot;_ob_use_container_extras&quot;:&quot;no&quot;,&quot;_ob_column_hoveranimator&quot;:&quot;no&quot;,&quot;_ha_eqh_enable&quot;:false,&quot;_ob_glider_is_slider&quot;:&quot;no&quot;,&quot;_ob_column_has_pseudo&quot;:&quot;no&quot;}\">\n\t\t\t\t\t<div class=\"e-con-inner\">\n\t\t\t\t<div class=\"elementor-element elementor-element-7fdc612 exad-sticky-section-no exad-glass-effect-no ob-has-background-overlay elementor-widget elementor-widget-eael-login-register\" data-id=\"7fdc612\" data-element_type=\"widget\" data-e-type=\"widget\" data-settings=\"{&quot;_ob_perspektive_use&quot;:&quot;no&quot;,&quot;_ob_poopart_use&quot;:&quot;yes&quot;,&quot;_ob_shadough_use&quot;:&quot;no&quot;,&quot;_ob_allow_hoveranimator&quot;:&quot;no&quot;,&quot;_ob_widget_stalker_use&quot;:&quot;no&quot;}\" data-widget_type=\"eael-login-register.default\">\n\t\t\t\t<div class=\"elementor-widget-container\">\n\t\t\t\t\t        <div class=\"eael-login-registration-wrapper \"\n             data-is-ajax=\"\"\n             data-widget-id=\"7fdc612\"\n             data-page-id=\"587\"\n             data-recaptcha-sitekey=\"\"\n\t\t\t data-recaptcha-sitekey-v3=\"\"\n\t\t\t data-login-recaptcha-version=\"v2\"\n\t\t\t data-register-recaptcha-version=\"v2\"\n\t\t\t data-lostpassword-recaptcha-version=\"v2\"\n             data-redirect-to=\"\"\n             data-resetpassword-redirect-to=\"\"\n        >\n\t\t\t            <section id=\"eael-login-form-wrapper\" class=\"\" data-recaptcha-theme=\"light\" data-recaptcha-size=\"normal\">\n                <div class=\"eael-login-form-wrapper eael-lr-form-wrapper style-2 \">\n\t\t\t\t\t                        <div class=\"lr-form-wrapper\">\n\t\t\t\t\t\t\t        <div class=\"lr-form-header header-left\">\n\t\t\t                <div class=\"form-logo \">\n                    <img decoding=\"async\" src=\"https:\/\/dipy-rdc.org\/wp-content\/uploads\/2025\/06\/DIPY.png\"\n                         alt=\"Form Logo Image\">\n                <\/div>\n\t\t\t\n\t\t\t        <\/div>\n\t\t\t\t\t\t\t\t\t                            <form class=\"eael-login-form eael-lr-form\"\n                                  id=\"eael-login-form\"\n                                  method=\"post\">\n\t\t\t\t\t\t\t\t                                <div class=\"eael-lr-form-group eael-user-login\">\n\t\t\t\t\t\t\t\t\t<label for=\"eael-user-login\" class=\"eael-field-label\">Username or Email Address<\/label>                                    <input type=\"text\"\n                                           name=\"eael-user-login\"\n                                           id=\"eael-user-login\"\n                                           class=\"eael-lr-form-control\"\n                                           placeholder=\"Username or Email Address\"\n                                           required autocomplete=\"username email\">\n\t\t\t\t\t\t\t\t\t                                <\/div>\n                                <div class=\"eael-lr-form-group eael-user-password\">\n\t\t\t\t\t\t\t\t\t<label for=\"eael-user-password\" class=\"eael-field-label\">Password<\/label>                                    <div class=\"eael-lr-password-wrapper\">\n                                        <input type=\"password\"\n                                               name=\"eael-user-password\"\n                                               class=\"eael-lr-form-control\"\n                                               id=\"eael-user-password\"\n                                               placeholder=\"Password\"\n                                               required autocomplete=\"current-password\">\n\t\t\t\t\t\t\t\t\t\t                                            <button type=\"button\"\n                                                    id=\"wp-hide-pw\"\n                                                    class=\"wp-hide-pw hide-if-no-js\"\n                                                    aria-label=\"Show password\">\n                                                <span class=\"dashicons dashicons-visibility\"\n                                                      aria-hidden=\"true\"><\/span>\n                                            <\/button>\n\t\t\t\t\t\t\t\t\t\t\t\t\t\t\t\t\t\t\t\t                                    <\/div>\n                                <\/div>\n                                <div class=\"eael-forever-forget eael-lr-form-group\">\n\t\t\t\t\t\t\t\t\t                                        <p class=\"forget-menot\">\n                                            <input name=\"eael-rememberme\" type=\"checkbox\" id=\"rememberme\"  class=\"remember-me \" value=\"forever\">\n                                            <label for=\"rememberme\" class=\"eael-checkbox-label rememberme\">Remember Me<\/label>\n                                        <\/p>\n\t\t\t\t\t\t\t\t\t<p class=\"forget-pass\"><a id=\"eael-lr-lostpassword-toggle\" href=\"\" data-action=\"form\">Forgot Password?<\/a><\/p>\n                                <\/div>\n\n\t\t\t\t\t\t\t\t\n\n                                <div class=\"eael-lr-footer\">\n\t\t\t\t\t\t\t\t\t<div class=\"eael-lr-form-loader-wrapper\">\n\t\t\t\t\t\t\t\t\t\t<button type=\"submit\" name=\"eael-login-submit\" id=\"eael-login-submit\" class=\"g-recaptcha eael-lr-btn eael-lr-btn-block \">\n\t\t\t\t\t\t\t\t\t\t\tSe Connecter\t\t\t\t\t\t\t\t\t\t<\/button>\n\t\t\t\t\t\t\t\t\t\t\n\t\t\t\t\t\t\t\t\t\t\n\t\t\t\t\t\t\t\t\t<\/div>\n\t\t\t\t\t\t\t\t\t                                        <div class=\"eael-sign-wrapper \">\n\t\t\t\t\t\t\t\t\t\t\t<span class=\"d-ib\"> <\/span> <a href=\"\" id=\"eael-lr-reg-toggle\" class=\"eael-lr-link\" data-action=\"form\">Register Now<\/a>                                        <\/div>\n\t\t\t\t\t\t\t\t\t\n                                <\/div>\n\t\t\t\t\t\t\t\t<div class=\"eael-form-validation-container\"><\/div>                <input type=\"hidden\"\n                       name=\"redirect_to\"\n                       value=\"\">\n\t\t\t\t\t\t\t\t\t<input type=\"hidden\"\n\t\t\t\t\t\t\tname=\"redirect_to_administrator\"\n\t\t\t\t\t\t\tvalue=\"https:\/\/dipy-rdc.org\/wp-admin\/\">\n\t\t\t\t\t\t\t\t\t\t\t\t<input type=\"hidden\"\n\t\t\t\t\t\t\tname=\"redirect_to_editor\"\n\t\t\t\t\t\t\tvalue=\"https:\/\/dipy-rdc.org\/\">\n\t\t\t\t\t\t\t\t\t\t\t\t<input type=\"hidden\"\n\t\t\t\t\t\t\tname=\"redirect_to_author\"\n\t\t\t\t\t\t\tvalue=\"https:\/\/dipy-rdc.org\/\">\n\t\t\t\t\t\t\t\t\t\t\t\t<input type=\"hidden\"\n\t\t\t\t\t\t\tname=\"redirect_to_contributor\"\n\t\t\t\t\t\t\tvalue=\"https:\/\/dipy-rdc.org\/\">\n\t\t\t\t\t\t\t\t\t\t\t\t<input type=\"hidden\"\n\t\t\t\t\t\t\tname=\"redirect_to_subscriber\"\n\t\t\t\t\t\t\tvalue=\"https:\/\/dipy-rdc.org\/\">\n\t\t\t\t\t\t\t\t\t\t\t\t<input type=\"hidden\"\n\t\t\t\t\t\t\tname=\"redirect_to_tutor_instructor\"\n\t\t\t\t\t\t\tvalue=\"\">\n\t\t\t\t\t\t\t\t\t\t\t\t<input type=\"hidden\"\n\t\t\t\t\t\t\tname=\"redirect_to_customer\"\n\t\t\t\t\t\t\tvalue=\"\">\n\t\t\t\t\t\t\t\t\t\t\t\t<input type=\"hidden\"\n\t\t\t\t\t\t\tname=\"redirect_to_shop_manager\"\n\t\t\t\t\t\t\tvalue=\"\">\n\t\t\t\t\t\t\t\t\t\t\t\t<input type=\"hidden\"\n\t\t\t\t\t\t\tname=\"redirect_to_give_manager\"\n\t\t\t\t\t\t\tvalue=\"\">\n\t\t\t\t\t\t\t\t\t\t\t\t<input type=\"hidden\"\n\t\t\t\t\t\t\tname=\"redirect_to_give_accountant\"\n\t\t\t\t\t\t\tvalue=\"\">\n\t\t\t\t\t\t\t\t\t\t\t\t<input type=\"hidden\"\n\t\t\t\t\t\t\tname=\"redirect_to_give_worker\"\n\t\t\t\t\t\t\tvalue=\"\">\n\t\t\t\t\t\t\t\t\t\t\t\t<input type=\"hidden\"\n\t\t\t\t\t\t\tname=\"redirect_to_give_donor\"\n\t\t\t\t\t\t\tvalue=\"\">\n\t\t\t\t\t\t\t\t\t\t<input type=\"hidden\"\n\t\t\t\t\tname=\"redirect_to_prev_page_login\"\n\t\t\t\t\tvalue=\"\">\n\t\t\t<input type=\"hidden\" id=\"eael-login-nonce\" name=\"eael-login-nonce\" value=\"b02703e3e3\" \/><input type=\"hidden\" name=\"_wp_http_referer\" value=\"\/en\/wp-json\/wp\/v2\/pages\/587\" \/>        <input type=\"hidden\"\n               name=\"page_id\"\n               value=\"587\">\n\t\t<input type=\"hidden\"\n               name=\"page_id_for_popup\"\n               value=\"587\">\t   \n\t\t<input type=\"hidden\"\n               name=\"resetpassword_in_popup_selector\"\n               value=\"\">\n        <input type=\"hidden\"\n               name=\"widget_id\"\n               value=\"7fdc612\">\n\t\t                            <\/form>\n\t\t\t\t\t\t\t                        <\/div>\n\t\t\t\t\t\t                <\/div>\n\n            <\/section>\n\n\t\t\t<script>\n\t\t\t\tjQuery(document).ready(function($){\n\t\t\t\t\tvar eael_get_login_status = localStorage.getItem( 'eael-is-login-form' );\n\t\t\t\t\tif( eael_get_login_status === 'true' ) {\n\t\t\t\t\t\tsetTimeout(function() {\n\t\t\t\t\t\t\tvar button = jQuery('[eael-login=\"yes\"]');\n\t\t\t\t\t\t\tif( ! button.hasClass('eael-clicked') ) {\n\t\t\t\t\t\t\t\tbutton.trigger('click').addClass('eael-clicked');\n\t\t\t\t\t\t\t}\n\t\t\t\t\t\t}, 100);\n\n\t\t\t\t\t\tsetTimeout(function() {\n\t\t\t\t\t\t\tjQuery('[eael-login=\"yes\"]').removeClass('eael-clicked')\n\t\t\t\t\t\t}, 500);\n\t\t\t\t\t}\n\t\t\t\t});\n\t\t\t<\/script>\n\t\t\t            <section\n                    id=\"eael-register-form-wrapper\"\n                    class=\"eael-lr-d-none\"\n                    data-recaptcha-theme=\"light\"\n                    data-recaptcha-size=\"normal\"\n                    data-use-weak-password=\"1\"\n                    data-password-min-length=\"\"\n                    data-password-one-uppercase=\"\"\n                    data-password-one-lowercase=\"\"\n                    data-password-one-number=\"\"\n                    data-password-one-special=\"\"\n\t\t\t\t\t>\n                <div class=\"eael-register-form-wrapper eael-lr-form-wrapper style-2 \">\n\t\t\t\t\t                    <div class=\"lr-form-wrapper\">\n\t\t\t\t\t\t        <div class=\"lr-form-header header-left\">\n\t\t\t                <div class=\"form-logo \">\n                    <img decoding=\"async\" src=\"https:\/\/dipy-rdc.org\/wp-content\/uploads\/2025\/06\/DIPY.png\"\n                         alt=\"Form Logo Image\">\n                <\/div>\n\t\t\t\n\t\t\t        <\/div>\n\t\t                        <form class=\"eael-register-form eael-lr-form\"\n                              id=\"eael-register-form\"\n                              method=\"post\"\n\t\t\t\t\t\t\t  \t\t\t\t\t\t\t  >\n\t\t\t\t\t\t\t\t\t\t\t\t\t\t                                <div class=\"eael-lr-form-group elementor-repeater-item-0dad840 eael-field-type-user_name\">\n\t\t\t\t\t\t\t\t\t<label for=\"form-field-user_name\" class=\"eael-field-label\">Username<\/label><input name=\"user_name\" type=\"text\" placeholder=\"Username\" class=\"eael-lr-form-control form-field-user_name\" id=\"form-field-user_name\">\n\t\t\t\t\t\t\t\t<\/div>                                <div class=\"eael-lr-form-group elementor-repeater-item-8234d7e eael-field-type-email\">\n\t\t\t\t\t\t\t\t\t<label for=\"form-field-email\" class=\"eael-field-label\">Email<\/label><input name=\"email\" type=\"email\" placeholder=\"Email\" class=\"eael-lr-form-control form-field-email\" id=\"form-field-email\" required=\"required\" aria-required=\"true\">\n\t\t\t\t\t\t\t\t<\/div>                                <div class=\"eael-lr-form-group elementor-repeater-item-4b35db8 eael-field-type-password\">\n\t\t\t\t\t\t\t\t\t<label for=\"form-field-password\" class=\"eael-field-label\">Password<\/label><div class=\"eael-lr-password-wrapper-register\"><input name=\"password\" type=\"password\" placeholder=\"Password\" class=\"eael-lr-form-control form-field-password\" id=\"form-field-password\" required=\"required\" aria-required=\"true\"><\/div>\n\t\t\t\t\t\t\t\t<\/div><input type=\"hidden\" id=\"eael-register-nonce\" name=\"eael-register-nonce\" value=\"3b9bca9eb8\" \/><input type=\"hidden\" name=\"_wp_http_referer\" value=\"\/en\/wp-json\/wp\/v2\/pages\/587\" \/>        <input type=\"hidden\"\n               name=\"page_id\"\n               value=\"587\">\n\t\t<input type=\"hidden\"\n               name=\"page_id_for_popup\"\n               value=\"587\">\t   \n\t\t<input type=\"hidden\"\n               name=\"resetpassword_in_popup_selector\"\n               value=\"\">\n        <input type=\"hidden\"\n               name=\"widget_id\"\n               value=\"7fdc612\">\n\t\t\n                            <div class=\"eael-lr-footer\">\n\t\t\t\t\t\t\t\t<div class=\"eael-lr-form-loader-wrapper\">\n\t\t\t\t\t\t\t\t\t<button type=\"submit\" name=\"eael-register-submit\" id=\"eael-register-submit\" class=\"eael-lr-btn eael-lr-btn-block\">\n\t\t\t\t\t\t\t\t\t\tRegister\t\t\t\t\t\t\t\t\t<\/button>\n\t\t\t\t\t\t\t\t\t\t\n\t\t\t\t\t\t\t\t\t\n\t\t\t\t\t\t\t\t<\/div>\n\t\t\t\t\t\t\t\t                                    <div class=\"eael-sign-wrapper \">\n\t\t\t\t\t\t\t\t\t\t<span class=\"d-ib\"> <\/span> <a href=\"\" id=\"eael-lr-login-toggle\" class=\"eael-lr-link\" data-action=\"form\">Sign In<\/a>                                    <\/div>\n\t\t\t\t\t\t\t\t                            <\/div>\n\n\t\t\t\t\t\t\t<div class=\"eael-form-validation-container\"><\/div>\t\t\t\t\t\t\t                        <\/form>\n\t\t\t\t\t\t                    <\/div>\n\t\t\t\t\t                <\/div>\n            <\/section>\n\t\t\t            <section\n                    id=\"eael-lostpassword-form-wrapper\"\n                    class=\"eael-lr-d-none\"\n\t\t\t\t\tdata-recaptcha-theme=\"light\"\n                    data-recaptcha-size=\"normal\"\n                    >\n                <div class=\"eael-lostpassword-form-wrapper eael-lr-form-wrapper style-2 \">\n\t\t\t\t\t\t\t\t\t\t<div class=\"lr-form-wrapper\">\n\t\t\t\t\t\t        <div class=\"lr-form-header header-left\">\n\t\t\t                <div class=\"form-logo \">\n                    <img decoding=\"async\" src=\"https:\/\/dipy-rdc.org\/wp-content\/uploads\/2025\/06\/DIPY.png\"\n                         alt=\"Form Logo Image\">\n                <\/div>\n\t\t\t\n\t\t\t        <\/div>\n\t\t\t\t\t\t\t\t\t\t\t\t\t\t<form class=\"eael-lostpassword-form eael-lr-form\" id=\"eael-lostpassword-form\" method=\"post\">\n\t\t\t\t\t\t\t\t\t\t\t\t\t\t<div class=\"eael-lr-form-group \">\n\t\t\t\t\t\t\t\t<label for=\"eael-user-lostpassword\" class=\"eael-field-label\">Username or Email Address<\/label>\t\t\t\t\t\t\t\t<input type=\"text\" name=\"eael-user-lostpassword\" id=\"eael-user-lostpassword\" class=\"eael-lr-form-control\" placeholder=\"Username or Email Address\" required>\n\t\t\t\t\t\t\t\t\t\t\t\t\t\t\t<\/div>\n\n\t\t\t\t\t\t\t\n\t\t\t\t\t\t\t<div class=\"eael-lr-footer\">\n\t\t\t\t\t\t\t\t<button type=\"submit\" name=\"eael-lostpassword-submit\" id=\"eael-lostpassword-submit\" class=\"g-recaptcha eael-lr-btn eael-lr-btn-block   \">Reset Password<\/button>\n\t\t\t\t\t\t\t\t\t\t\t\t\t\t\t\t\t<div class=\"eael-sign-wrapper \">\n\t\t\t\t\t\t\t\t\t\t<span class=\"d-ib\"> <\/span> <a href=\"\" id=\"eael-lr-login-toggle-lostpassword\" class=\"eael-lr-link\" data-action=\"form\">Sign In<\/a>\t\t\t\t\t\t\t\t\t<\/div>\n\t\t\t\t\t\t\t\t\n\t\t\t\t\t\t\t<\/div>\n\t\t\t\t\t\t\t<div class=\"eael-form-validation-container\"><\/div><input type=\"hidden\" id=\"eael-lostpassword-nonce\" name=\"eael-lostpassword-nonce\" value=\"e911b36d63\" \/><input type=\"hidden\" name=\"_wp_http_referer\" value=\"\/en\/wp-json\/wp\/v2\/pages\/587\" \/>        <input type=\"hidden\"\n               name=\"page_id\"\n               value=\"587\">\n\t\t<input type=\"hidden\"\n               name=\"page_id_for_popup\"\n               value=\"587\">\t   \n\t\t<input type=\"hidden\"\n               name=\"resetpassword_in_popup_selector\"\n               value=\"\">\n        <input type=\"hidden\"\n               name=\"widget_id\"\n               value=\"7fdc612\">\n\t\t\t\t\t\t\t\t<\/form>\n\t\t\t\t\t\t\t\t\t\t\t<\/div>\n\t\t\t\t\t                <\/div>\n\n            <\/section>\n\t\t\t        <\/div>\n\n\t\t\t\t\t\t<\/div>\n\t\t\t\t<\/div>\n\t\t\t\t\t<\/div>\n\t\t\t\t<\/div>\n\t\t\t\t<\/div>\n\t\t\n    <div class=\"xs_social_share_widget xs_share_url after_content \t\tmain_content  wslu-style-1 wslu-share-box-shaped wslu-fill-colored wslu-none wslu-share-horizontal wslu-theme-font-no wslu-main_content\">\n\n\t\t\n        <ul>\n\t\t\t        <\/ul>\n    <\/div> \n","protected":false},"excerpt":{"rendered":"<p>Vous etes d\u00e9j\u00e0 connect\u00e9 danielfaraja. (Logout) Username or Email Address Sign In<\/p>","protected":false},"author":1,"featured_media":0,"parent":0,"menu_order":0,"comment_status":"closed","ping_status":"closed","template":"","meta":{"give_campaign_id":0,"footnotes":""},"class_list":["post-587","page","type-page","status-publish","hentry"],"campaignId":"","rttpg_featured_image_url":null,"rttpg_author":{"display_name":"danielfaraja","author_link":"https:\/\/dipy-rdc.org\/en\/author\/danielfaraja\/"},"rttpg_comment":0,"rttpg_category":null,"rttpg_excerpt":"Vous etes d\u00e9j\u00e0 connect\u00e9 danielfaraja. (Logout) Username or Email Address Sign In","_links":{"self":[{"href":"https:\/\/dipy-rdc.org\/en\/wp-json\/wp\/v2\/pages\/587","targetHints":{"allow":["GET"]}}],"collection":[{"href":"https:\/\/dipy-rdc.org\/en\/wp-json\/wp\/v2\/pages"}],"about":[{"href":"https:\/\/dipy-rdc.org\/en\/wp-json\/wp\/v2\/types\/page"}],"author":[{"embeddable":true,"href":"https:\/\/dipy-rdc.org\/en\/wp-json\/wp\/v2\/users\/1"}],"replies":[{"embeddable":true,"href":"https:\/\/dipy-rdc.org\/en\/wp-json\/wp\/v2\/comments?post=587"}],"version-history":[{"count":4,"href":"https:\/\/dipy-rdc.org\/en\/wp-json\/wp\/v2\/pages\/587\/revisions"}],"predecessor-version":[{"id":592,"href":"https:\/\/dipy-rdc.org\/en\/wp-json\/wp\/v2\/pages\/587\/revisions\/592"}],"wp:attachment":[{"href":"https:\/\/dipy-rdc.org\/en\/wp-json\/wp\/v2\/media?parent=587"}],"curies":[{"name":"wp","href":"https:\/\/api.w.org\/{rel}","templated":true}]}}