{"id":406,"date":"2025-06-12T17:14:33","date_gmt":"2025-06-12T17:14:33","guid":{"rendered":"https:\/\/dipy-rdc.org\/?page_id=406"},"modified":"2025-06-12T17:43:40","modified_gmt":"2025-06-12T17:43:40","slug":"faire-un-don-2","status":"publish","type":"page","link":"https:\/\/dipy-rdc.org\/en\/faire-un-don-2\/","title":{"rendered":"Donate"},"content":{"rendered":"<div data-elementor-type=\"wp-page\" data-elementor-id=\"406\" class=\"elementor elementor-406\" data-elementor-settings=\"{&quot;ha_cmc_init_switcher&quot;:&quot;no&quot;}\">\n\t\t\t\t<div class=\"has_eae_slider elementor-element elementor-element-fe8f244 e-flex e-con-boxed wcf-starter-animations-none wpr-particle-no wpr-jarallax-no wpr-parallax-no wpr-sticky-section-no wpr-equal-height-no e-con e-parent\" data-eae-slider=\"89768\" data-id=\"fe8f244\" data-element_type=\"container\" data-e-type=\"container\" data-settings=\"{&quot;_ob_use_container_extras&quot;:&quot;no&quot;,&quot;_ob_column_hoveranimator&quot;:&quot;no&quot;,&quot;_ha_eqh_enable&quot;:false,&quot;_ob_glider_is_slider&quot;:&quot;no&quot;,&quot;_ob_column_has_pseudo&quot;:&quot;no&quot;}\">\n\t\t\t\t\t<div class=\"e-con-inner\">\n\t\t\t\t<div class=\"elementor-element elementor-element-dc035f3 exad-sticky-section-no exad-glass-effect-no ob-has-background-overlay elementor-widget elementor-widget-exad-exclusive-heading\" data-id=\"dc035f3\" data-element_type=\"widget\" data-e-type=\"widget\" data-settings=\"{&quot;_ob_perspektive_use&quot;:&quot;no&quot;,&quot;_ob_poopart_use&quot;:&quot;yes&quot;,&quot;_ob_shadough_use&quot;:&quot;no&quot;,&quot;_ob_allow_hoveranimator&quot;:&quot;no&quot;,&quot;_ob_widget_stalker_use&quot;:&quot;no&quot;}\" data-widget_type=\"exad-exclusive-heading.default\">\n\t\t\t\t<div class=\"elementor-widget-container\">\n\t\t\t\t\t\r\n        <div class=\"exad-exclusive-heading\">\r\n            <div class=\"exad-exclusive-heading-wrapper exad-heading-center exad-heading-simple\">\r\n\t\t\t\r\n                <h1 data-content=\"Faire un don pour soutenir nos activit\u00e9s\" class=\"exad-exclusive-heading-title\">\r\n\t\t\t\t\tPlease Donate to support our activities\t\t\t\t<\/h1>\r\n\t\r\n                \t\t\t\t\t<div class=\"exad-heading-separator\"><\/div>\r\n\t\t\t\t                    <p class=\"exad-exclusive-heading-description\">\r\n\t\t\t\t\t\tYour donation is very important to us because it allows us to fulfill a noble mission of bringing a smile back to communities that are defenseless, in this case the pygmies.                    <\/p>\r\n\t\t\t\t\r\n            <\/div>\r\n        <\/div>\r\n\t\t\t\t\t<\/div>\n\t\t\t\t<\/div>\n\t\t\t\t\t<\/div>\n\t\t\t\t<\/div>\n\t\t<div class=\"has_eae_slider elementor-element elementor-element-0ea0b87 e-flex e-con-boxed wcf-starter-animations-none wpr-particle-no wpr-jarallax-no wpr-parallax-no wpr-sticky-section-no wpr-equal-height-no e-con e-parent\" data-eae-slider=\"99379\" data-id=\"0ea0b87\" data-element_type=\"container\" data-e-type=\"container\" data-settings=\"{&quot;_ob_use_container_extras&quot;:&quot;no&quot;,&quot;_ob_column_hoveranimator&quot;:&quot;no&quot;,&quot;_ha_eqh_enable&quot;:false,&quot;_ob_glider_is_slider&quot;:&quot;no&quot;,&quot;_ob_column_has_pseudo&quot;:&quot;no&quot;}\">\n\t\t\t\t\t<div class=\"e-con-inner\">\n\t\t\t\t<div class=\"elementor-element elementor-element-c2a5d63 exad-sticky-section-no exad-glass-effect-no ha-has-bg-overlay ob-has-background-overlay elementor-widget elementor-widget-shortcode\" data-id=\"c2a5d63\" data-element_type=\"widget\" data-e-type=\"widget\" data-settings=\"{&quot;_ob_perspektive_use&quot;:&quot;no&quot;,&quot;_ob_poopart_use&quot;:&quot;yes&quot;,&quot;_ob_shadough_use&quot;:&quot;no&quot;,&quot;_ob_allow_hoveranimator&quot;:&quot;no&quot;,&quot;_ob_widget_stalker_use&quot;:&quot;no&quot;}\" data-widget_type=\"shortcode.default\">\n\t\t\t\t<div class=\"elementor-widget-container\">\n\t\t\t\t\t\t\t<div class=\"elementor-shortcode\"><form action='https:\/\/www.paypal.com\/cgi-bin\/webscr' method='post' target='paypal_window'><input type='image' class='dnt-paypal-button' src=\"https:\/\/dipy-rdc.org\/wp-content\/plugins\/donate-button\/images\/paypal-credits.png\" alt='paypal button' \/>\t\t<input type='hidden' name='business' value=\"danielfsd15@outlook.com\" \/>\r\n\t\t<input type='hidden' name='item_name' value=\"Faire un don\" \/>\r\n\t\t<input type='hidden' name='amount' value=\"0.00\" \/>\r\n\t\t<input type=\"hidden\" name='currency_code' value=\"USD\" \/>\r\n\t\t<input type='hidden' name='cmd' value='_donations' \/>\r\n        <input type=\"hidden\" name=\"charset\" value=\"utf-8\">\r\n\t<\/form><\/div>\n\t\t\t\t\t\t<\/div>\n\t\t\t\t<\/div>\n\t\t\t\t\t<\/div>\n\t\t\t\t<\/div>\n\t\t\t\t<\/div>\n\t\t\n    <div class=\"xs_social_share_widget xs_share_url after_content \t\tmain_content  wslu-style-1 wslu-share-box-shaped wslu-fill-colored wslu-none wslu-share-horizontal wslu-theme-font-no wslu-main_content\">\n\n\t\t\n        <ul>\n\t\t\t        <\/ul>\n    <\/div>","protected":false},"excerpt":{"rendered":"<p>Faire un don pour soutenir nos activit\u00e9s Votre don est tr\u00e8s important pour nous car il permet de remplir une mission noble de redonner un sourire aux communaut\u00e9s qui sont sans defenses, en l&#8217;occurence les pygm\u00e9es<\/p>","protected":false},"author":1,"featured_media":0,"parent":0,"menu_order":0,"comment_status":"closed","ping_status":"closed","template":"","meta":{"give_campaign_id":0,"footnotes":""},"class_list":["post-406","page","type-page","status-publish","hentry"],"campaignId":"","rttpg_featured_image_url":null,"rttpg_author":{"display_name":"danielfaraja","author_link":"https:\/\/dipy-rdc.org\/en\/author\/danielfaraja\/"},"rttpg_comment":0,"rttpg_category":null,"rttpg_excerpt":"Faire un don pour soutenir nos activit\u00e9s Votre don est tr\u00e8s important pour nous car il permet de remplir une mission noble de redonner un sourire aux communaut\u00e9s qui sont sans defenses, en l&#8217;occurence les pygm\u00e9es","_links":{"self":[{"href":"https:\/\/dipy-rdc.org\/en\/wp-json\/wp\/v2\/pages\/406","targetHints":{"allow":["GET"]}}],"collection":[{"href":"https:\/\/dipy-rdc.org\/en\/wp-json\/wp\/v2\/pages"}],"about":[{"href":"https:\/\/dipy-rdc.org\/en\/wp-json\/wp\/v2\/types\/page"}],"author":[{"embeddable":true,"href":"https:\/\/dipy-rdc.org\/en\/wp-json\/wp\/v2\/users\/1"}],"replies":[{"embeddable":true,"href":"https:\/\/dipy-rdc.org\/en\/wp-json\/wp\/v2\/comments?post=406"}],"version-history":[{"count":13,"href":"https:\/\/dipy-rdc.org\/en\/wp-json\/wp\/v2\/pages\/406\/revisions"}],"predecessor-version":[{"id":423,"href":"https:\/\/dipy-rdc.org\/en\/wp-json\/wp\/v2\/pages\/406\/revisions\/423"}],"wp:attachment":[{"href":"https:\/\/dipy-rdc.org\/en\/wp-json\/wp\/v2\/media?parent=406"}],"curies":[{"name":"wp","href":"https:\/\/api.w.org\/{rel}","templated":true}]}}