{"id":219,"date":"2025-06-10T08:08:47","date_gmt":"2025-06-10T08:08:47","guid":{"rendered":"https:\/\/dipy-rdc.org\/?page_id=219"},"modified":"2025-07-18T18:45:09","modified_gmt":"2025-07-18T18:45:09","slug":"projets","status":"publish","type":"page","link":"https:\/\/dipy-rdc.org\/en\/projets\/","title":{"rendered":"Projects"},"content":{"rendered":"<div data-elementor-type=\"wp-page\" data-elementor-id=\"219\" class=\"elementor elementor-219\" data-elementor-settings=\"{&quot;ha_cmc_init_switcher&quot;:&quot;no&quot;}\">\n\t\t\t\t<div class=\"has_eae_slider elementor-element elementor-element-25e15ff e-flex e-con-boxed wcf-starter-animations-none wpr-particle-no wpr-jarallax-no wpr-parallax-no wpr-sticky-section-no wpr-equal-height-no e-con e-parent\" data-eae-slider=\"84940\" data-id=\"25e15ff\" data-element_type=\"container\" data-e-type=\"container\" data-settings=\"{&quot;_ob_use_container_extras&quot;:&quot;no&quot;,&quot;_ob_column_hoveranimator&quot;:&quot;no&quot;,&quot;_ha_eqh_enable&quot;:false,&quot;_ob_glider_is_slider&quot;:&quot;no&quot;,&quot;_ob_column_has_pseudo&quot;:&quot;no&quot;}\">\n\t\t\t\t\t<div class=\"e-con-inner\">\n\t\t\t\t<div class=\"elementor-element elementor-element-3382157 exad-sticky-section-no exad-glass-effect-no ob-has-background-overlay elementor-widget elementor-widget-exad-post-grid\" data-id=\"3382157\" data-element_type=\"widget\" data-e-type=\"widget\" data-settings=\"{&quot;_ob_perspektive_use&quot;:&quot;no&quot;,&quot;_ob_poopart_use&quot;:&quot;yes&quot;,&quot;_ob_shadough_use&quot;:&quot;no&quot;,&quot;_ob_allow_hoveranimator&quot;:&quot;no&quot;,&quot;_ob_widget_stalker_use&quot;:&quot;no&quot;}\" data-widget_type=\"exad-post-grid.default\">\n\t\t\t\t<div class=\"elementor-widget-container\">\n\t\t\t\t\t\t\t\r\n\r\n\t\t<div class=\"exad-post-grid\">\r\n\t\t\t<div class=\"exad-row-wrapper\">\r\n\t\t\t\t\r\n<article class=\"exad-post-grid-three exad-col\">\r\n    <div class=\"exad-post-grid-container image-position-top exad-post-grid-equal-height-yes\">\r\n                    <figure class=\"exad-post-grid-thumbnail\">\r\n                <a href=\"https:\/\/dipy-rdc.org\/en\/ikita\/\">\r\n                    <img fetchpriority=\"high\" decoding=\"async\" width=\"768\" height=\"512\" src=\"https:\/\/dipy-rdc.org\/wp-content\/uploads\/2025\/11\/1-1-768x512.png\" class=\"attachment-medium_large size-medium_large wp-post-image\" alt=\"\" \/>                <\/a>\r\n                \r\n                            <\/figure>\r\n        \t\t\r\n\t\t        <div class=\"exad-post-grid-body\">\r\n                            <ul class=\"exad-post-grid-category cat-posdefault\">\r\n                    <li><a href=\"https:\/\/dipy-rdc.org\/en\/category\/media\/\">Media<\/a><\/li> <li><a href=\"https:\/\/dipy-rdc.org\/en\/category\/projet\/\">Projects<\/a><\/li> <li><a href=\"https:\/\/dipy-rdc.org\/en\/category\/recent\/\">Recent<\/a><\/li>                <\/ul>\r\n                                <ul class=\"exad-post-data show-avatar-no\">\r\n                                                                            <li class=\"exad-post-date\">\r\n                                <span>\r\n                                    Date:                                     <a href=\"https:\/\/dipy-rdc.org\/en\/ikita\/\" class=\"exad-post-grid-author-date\">March 24, 2026<\/a>\r\n                                <\/span>                          \r\n                            <\/li> \r\n                           \r\n                    <\/ul>\r\n                \t\t\t\t\r\n\t\t\t\t\t\t\t\r\n                    <h3>\r\n\t\t\t\t\t\r\n\t\t\t\t\t\t\t\r\n                        <a href=\"https:\/\/dipy-rdc.org\/en\/ikita\/\" class=\"exad-post-grid-title\">Ikita<\/a>\r\n\t\t\t\t\r\n\t\t\t\t\t\t\t\t\t\r\n                    <\/h3>\r\n\t\t\t\t\t\r\n\t\t\t\t\t\t\t\t\r\n                                <ul class=\"exad-post-grid-time-comment\">\r\n                                    <li>\r\n                        <a class=\"exad-post-grid-comment\" href=\"https:\/\/dipy-rdc.org\/en\/ikita\/#respond\">0 comment<\/a>\r\n                    <\/li>\r\n                                    <\/ul>\r\n            \r\n        <\/div>\r\n        \t\t\r\n\t\t\t\t\r\n    <\/div>\r\n<\/article>\r\n\r\n<article class=\"exad-post-grid-three exad-col\">\r\n    <div class=\"exad-post-grid-container image-position-top exad-post-grid-equal-height-yes\">\r\n                    <figure class=\"exad-post-grid-thumbnail\">\r\n                <a href=\"https:\/\/dipy-rdc.org\/en\/fonds-de-septieme-generation-pour-les-peuples-autochtones\/\">\r\n                    <img decoding=\"async\" width=\"421\" height=\"120\" src=\"https:\/\/dipy-rdc.org\/wp-content\/uploads\/2025\/06\/Seventh-1.webp\" class=\"attachment-medium_large size-medium_large wp-post-image\" alt=\"\" \/>                <\/a>\r\n                \r\n                            <\/figure>\r\n        \t\t\r\n\t\t        <div class=\"exad-post-grid-body\">\r\n                            <ul class=\"exad-post-grid-category cat-posdefault\">\r\n                    <li><a href=\"https:\/\/dipy-rdc.org\/en\/category\/projet\/\">Projects<\/a><\/li> <li><a href=\"https:\/\/dipy-rdc.org\/en\/category\/recent\/\">Recent<\/a><\/li>                <\/ul>\r\n                                <ul class=\"exad-post-data show-avatar-no\">\r\n                                                                            <li class=\"exad-post-date\">\r\n                                <span>\r\n                                    Date:                                     <a href=\"https:\/\/dipy-rdc.org\/en\/fonds-de-septieme-generation-pour-les-peuples-autochtones\/\" class=\"exad-post-grid-author-date\">June 9, 2025<\/a>\r\n                                <\/span>                          \r\n                            <\/li> \r\n                           \r\n                    <\/ul>\r\n                \t\t\t\t\r\n\t\t\t\t\t\t\t\r\n                    <h3>\r\n\t\t\t\t\t\r\n\t\t\t\t\t\t\t\r\n                        <a href=\"https:\/\/dipy-rdc.org\/en\/fonds-de-septieme-generation-pour-les-peuples-autochtones\/\" class=\"exad-post-grid-title\">Fonds de septi\u00e8me g\u00e9n\u00e9ration pour les peuples autochtones<\/a>\r\n\t\t\t\t\r\n\t\t\t\t\t\t\t\t\t\r\n                    <\/h3>\r\n\t\t\t\t\t\r\n\t\t\t\t\t\t\t\t\r\n                                <ul class=\"exad-post-grid-time-comment\">\r\n                                    <li>\r\n                        <a class=\"exad-post-grid-comment\" href=\"https:\/\/dipy-rdc.org\/en\/fonds-de-septieme-generation-pour-les-peuples-autochtones\/#comments\">1 comment<\/a>\r\n                    <\/li>\r\n                                    <\/ul>\r\n            \r\n        <\/div>\r\n        \t\t\r\n\t\t\t\t\r\n    <\/div>\r\n<\/article>\r\n    \r\n\t\t\t<\/div>\r\n\t\t\t<div class=\"exad-post-grid-load-btn\">\r\n\t\t\t\t\t\t\t\t\t<a class=\"exad-post-grid-paginate-btn\" data-post-type=\"post\" data-posts_per_page=\"6\" data-post-offset=\"0\" data-post-order=\"desc\" data-post-order_by=\"date\" data-post-tag__in=\"\" data-post-thumbnail=\"yes\" data-post-thumb-size=\"medium_large\" data-equal_height=\"yes\" data-enable_details_btn=\"\" data-details_btn_text=\"\" data-details_btn_text_tab=\"\" data-show-user-avatar=\"no\" data-show_user_name=\"\" data-post_data_position=\"post_data_middle\" data-show_title=\"yes\" data-show_title_parmalink=\"no\" data-title_full=\"yes\" data-title_tag=\"h3\" data-show_read_time=\"\" data-show_comment=\"yes\" data-show_excerpt=\"\" data-excerpt_length=\"\" data-show_user_name_tag=\"\" data-user_name_tag=\"\" data-show_date=\"yes\" data-show_date_tag=\"yes\" data-date_tag=\"Date: \" data-title_length=\"\" data-image_align=\"top\" data-show_category=\"yes\" data-category_default_position=\"yes\" data-category_position_over_image=\"\" data-category=\"7\" data-tags=\"\" data-offset=\"0\" data-exclude_post=\"\" href=\"#\" role=\"button\">\r\n\t\t\t\t\t\tLoad More\t\t\t\t\t<\/a>\r\n\t\t\t\t\t\t\t<\/div>\r\n\t\t<\/div>\r\n\r\n\t\t\t\t\t<\/div>\n\t\t\t\t<\/div>\n\t\t\t\t\t<\/div>\n\t\t\t\t<\/div>\n\t\t<div class=\"has_eae_slider elementor-element elementor-element-933de3b e-flex e-con-boxed wcf-starter-animations-none wpr-particle-no wpr-jarallax-no wpr-parallax-no wpr-sticky-section-no wpr-equal-height-no e-con e-parent\" data-eae-slider=\"45471\" data-id=\"933de3b\" data-element_type=\"container\" data-e-type=\"container\" data-settings=\"{&quot;_ob_use_container_extras&quot;:&quot;no&quot;,&quot;_ob_column_hoveranimator&quot;:&quot;no&quot;,&quot;_ha_eqh_enable&quot;:false,&quot;_ob_glider_is_slider&quot;:&quot;no&quot;,&quot;_ob_column_has_pseudo&quot;:&quot;no&quot;}\">\n\t\t\t\t\t<div class=\"e-con-inner\">\n\t\t\t\t<div class=\"elementor-element elementor-element-556f164 exad-sticky-section-no exad-glass-effect-no ob-has-background-overlay elementor-widget elementor-widget-elementskit-heading\" data-id=\"556f164\" data-element_type=\"widget\" data-e-type=\"widget\" data-settings=\"{&quot;_ob_perspektive_use&quot;:&quot;no&quot;,&quot;_ob_poopart_use&quot;:&quot;yes&quot;,&quot;_ob_shadough_use&quot;:&quot;no&quot;,&quot;_ob_allow_hoveranimator&quot;:&quot;no&quot;,&quot;_ob_widget_stalker_use&quot;:&quot;no&quot;}\" data-widget_type=\"elementskit-heading.default\">\n\t\t\t\t<div class=\"elementor-widget-container\">\n\t\t\t\t\t<div class=\"ekit-wid-con\" ><div class=\"ekit-heading elementskit-section-title-wraper text_left   ekit_heading_tablet-   ekit_heading_mobile-\"><h2 class=\"ekit-heading--title elementskit-section-title\"> <span><span>report<\/span><\/span><\/h2><div class=\"ekit_heading_separetor_wraper ekit_heading_elementskit-border-divider ekit-dotted\"><div class=\"elementskit-border-divider ekit-dotted\"><\/div><\/div><\/div><\/div>\t\t\t\t<\/div>\n\t\t\t\t<\/div>\n\t\t\t\t\t<\/div>\n\t\t\t\t<\/div>\n\t\t\t\t<\/div>\n\t\t\n    <div class=\"xs_social_share_widget xs_share_url after_content \t\tmain_content  wslu-style-1 wslu-share-box-shaped wslu-fill-colored wslu-none wslu-share-horizontal wslu-theme-font-no wslu-main_content\">\n\n\t\t\n        <ul>\n\t\t\t        <\/ul>\n    <\/div>","protected":false},"excerpt":{"rendered":"<p>Projet Recent Date: June 9, 2025 Fonds de septi\u00e8me g\u00e9n\u00e9ration pour les peuples autochtones 1 comment Voir Plus report<\/p>","protected":false},"author":1,"featured_media":0,"parent":0,"menu_order":0,"comment_status":"closed","ping_status":"closed","template":"","meta":{"give_campaign_id":0,"footnotes":""},"class_list":["post-219","page","type-page","status-publish","hentry"],"campaignId":"","rttpg_featured_image_url":null,"rttpg_author":{"display_name":"danielfaraja","author_link":"https:\/\/dipy-rdc.org\/en\/author\/danielfaraja\/"},"rttpg_comment":0,"rttpg_category":"","rttpg_excerpt":"Projet Recent Date: June 9, 2025 Fonds de septi\u00e8me g\u00e9n\u00e9ration pour les peuples autochtones 1 comment Voir Plus report","_links":{"self":[{"href":"https:\/\/dipy-rdc.org\/en\/wp-json\/wp\/v2\/pages\/219","targetHints":{"allow":["GET"]}}],"collection":[{"href":"https:\/\/dipy-rdc.org\/en\/wp-json\/wp\/v2\/pages"}],"about":[{"href":"https:\/\/dipy-rdc.org\/en\/wp-json\/wp\/v2\/types\/page"}],"author":[{"embeddable":true,"href":"https:\/\/dipy-rdc.org\/en\/wp-json\/wp\/v2\/users\/1"}],"replies":[{"embeddable":true,"href":"https:\/\/dipy-rdc.org\/en\/wp-json\/wp\/v2\/comments?post=219"}],"version-history":[{"count":13,"href":"https:\/\/dipy-rdc.org\/en\/wp-json\/wp\/v2\/pages\/219\/revisions"}],"predecessor-version":[{"id":715,"href":"https:\/\/dipy-rdc.org\/en\/wp-json\/wp\/v2\/pages\/219\/revisions\/715"}],"wp:attachment":[{"href":"https:\/\/dipy-rdc.org\/en\/wp-json\/wp\/v2\/media?parent=219"}],"curies":[{"name":"wp","href":"https:\/\/api.w.org\/{rel}","templated":true}]}}